{"id":480,"date":"2009-08-14T18:33:27","date_gmt":"2009-08-14T17:33:27","guid":{"rendered":"http:\/\/www.visionconsult.com\/de\/?page_id=480"},"modified":"2009-08-14T18:33:27","modified_gmt":"2009-08-14T17:33:27","slug":"fallstudien","status":"publish","type":"page","link":"https:\/\/www.visionconsult.com\/de\/fallstudien\/","title":{"rendered":"Fallstudien"},"content":{"rendered":"<div id=\"content-wrap\">VisionConsult international besitzt einen klaren Branchenfokus. Fallbeispiele belegen die Expertise in folgenden Branchen:<\/p>\n<div id=\"content\">\n<div class=\"features\"><img class=\"feature_img alignleft\" src=\"http:\/\/www.visionconsult.com\/de\/wp-content\/uploads\/2009\/08\/fiber_optic.jpg\" alt=\"\" \/><\/p>\n<div class=\"fcontent\">\n<h5>Glasfasernetz<\/h5>\n<p>VisionConsult f\u00fchrte eine Marktuntersuchung unter einer Reihe potenzieller Partner und Investoren zu einer geplanten Glasfaserkabelverbindung zwischen Berlin und Moskau durch. Das Ziel der Untersuchung war zweierlei: Erstens quantitative Daten \u00fcber den Markt f\u00fcr dieses Projekt zu ermitteln und zum Anderen potenzielle Partnern zu identifizieren. Die Arbeit bestand aus Peer-to-Peer-Interviews in 5 verschiedenen europ\u00e4ischen L\u00e4ndern. Es wurde ein bedeutender Projektpartner gefunden.<\/p>\n<\/div>\n<\/div>\n<div class=\"features\"><img class=\"feature_img alignleft\" src=\"http:\/\/www.visionconsult.com\/de\/wp-content\/uploads\/2009\/08\/TV_Studio.jpg\" alt=\"\" \/><\/p>\n<div class=\"fcontent\">\n<h5>Digital TV Equipment<\/h5>\n<p class=\"remix\">VisionConsult konzipierte\u00a0 ein europ\u00e4isches Marktforschungsprogramm f\u00fcr Frankreich, Deutschland und dem Vereinigten K\u00f6nigreich, um unserem Kunden &#8211; dem f\u00fchrenden Hersteller von digitalem Videoschnitt-Equipment &#8211; bei der Analyse des potenziellen Markts f\u00fcr seine Produkte zu helfen. Insgesamt wurden 750 Interviews in 6 Marktsegmenten durchgef\u00fchrt. Die Auswertung unterst\u00fctzte den Mandanten bei wichtige Entscheidungen bez\u00fcglich seiner europ\u00e4ischen Produktlinie und seinen Marketing-Investitionen.<\/p>\n<\/div>\n<\/div>\n<div class=\"features\"><img class=\"feature_img alignleft\" src=\"http:\/\/www.visionconsult.com\/de\/wp-content\/uploads\/2009\/08\/Satellite_Orbit.jpg\" alt=\"\" \/><\/p>\n<div class=\"fcontent\">\n<h5>Satellitenindustrie<\/h5>\n<p class=\"remix\">VisionConsult half zwei europ\u00e4ische Satelliten-Hersteller bei der Vorbereitung ihrer Angebote f\u00fcr gro\u00dfe Satelliten-Beschaffungsvertr\u00e4ge. Die Unterst\u00fctzung f\u00fchrte auch zum besseren Verst\u00e4ndnis f\u00fcr die tats\u00e4chlichen Bed\u00fcrfnisse der potenziellen Endkunden, f\u00fcr die M\u00e4rkte, die man bedienen wollte, f\u00fcr die notwendigen Priorit\u00e4ten und die erforderlichen technischen Spezifikationen. Besondere Unterst\u00fctzung wurde bei der Erstellung von Teilen der Dokumentation f\u00fcr das Angebot geleistet. Beide Angebote, bei denen VisionConsult mitarbeitete, f\u00fchrten zum gew\u00fcnschten Erfolg!<\/p>\n<\/div>\n<\/div>\n<p class=\"remix\" style=\"text-align: right;\"><a class=\"bold\" href=\"http:\/\/www.visionconsult.com\/de\/?page_id=793\">Weitere Fallstudien \u00bb<\/a><\/p>\n<\/div>\n<\/div>\n","protected":false},"excerpt":{"rendered":"<p>VisionConsult international besitzt einen klaren Branchenfokus. Fallbeispiele belegen die Expertise in folgenden Branchen: Glasfasernetz VisionConsult f\u00fchrte eine Marktuntersuchung unter einer Reihe potenzieller Partner und Investoren zu einer geplanten Glasfaserkabelverbindung zwischen Berlin und Moskau durch. Das Ziel der Untersuchung war zweierlei: Erstens quantitative Daten \u00fcber den Markt f\u00fcr dieses Projekt zu ermitteln und zum Anderen potenzielle [&hellip;]<\/p>\n","protected":false},"author":1,"featured_media":0,"parent":0,"menu_order":7,"comment_status":"closed","ping_status":"closed","template":"","meta":[],"_links":{"self":[{"href":"https:\/\/www.visionconsult.com\/de\/wp-json\/wp\/v2\/pages\/480"}],"collection":[{"href":"https:\/\/www.visionconsult.com\/de\/wp-json\/wp\/v2\/pages"}],"about":[{"href":"https:\/\/www.visionconsult.com\/de\/wp-json\/wp\/v2\/types\/page"}],"author":[{"embeddable":true,"href":"https:\/\/www.visionconsult.com\/de\/wp-json\/wp\/v2\/users\/1"}],"replies":[{"embeddable":true,"href":"https:\/\/www.visionconsult.com\/de\/wp-json\/wp\/v2\/comments?post=480"}],"version-history":[{"count":0,"href":"https:\/\/www.visionconsult.com\/de\/wp-json\/wp\/v2\/pages\/480\/revisions"}],"wp:attachment":[{"href":"https:\/\/www.visionconsult.com\/de\/wp-json\/wp\/v2\/media?parent=480"}],"curies":[{"name":"wp","href":"https:\/\/api.w.org\/{rel}","templated":true}]}}