{"id":516,"date":"2009-08-14T20:35:00","date_gmt":"2009-08-14T19:35:00","guid":{"rendered":"http:\/\/www.visionconsult.com\/de\/?page_id=516"},"modified":"2009-08-14T20:35:00","modified_gmt":"2009-08-14T19:35:00","slug":"kunden","status":"publish","type":"page","link":"https:\/\/www.visionconsult.com\/de\/kunden\/","title":{"rendered":"Kunden"},"content":{"rendered":"<p>VisionConsult international steht bereit, um eine breite Palette von Aufgaben zu \u00fcbernehmen. In vielen F\u00e4llen wird ein kleines Team genau passend auf das Budget und den Unterst\u00fctzungsbedarf des Kunden zusammengestellt. Nachfolgend eine Auswahl aus der gro\u00dfen Zahl von First-Class-Kunden und Projekten:<\/p>\n<div id=\"content\">\n<div class=\"box\">\n<h5>Ausgew\u00e4hlte Kunden und Projekte<\/h5>\n<ul class=\"download\">\n<li><strong>A\u00e9rospatiale Satellites <\/strong> <br class=\"remix\" \/>Satelliten Marktplanung und Unterst\u00fctzung bei der Angebotserstellung<\/li>\n<li><strong>Avid Technology Europe <\/strong> <br class=\"remix\" \/> Gro\u00dfes internationales Marktforschungsprojekt f\u00fcr computergest\u00fctzte Video-Editiersysteme<\/li>\n<li><strong>Belgacom<\/strong> <br class=\"remix\" \/>Formulierung der Strategie und operative Unterst\u00fctzung bei Eintritt in den TV-Markt<\/li>\n<li><strong>CCS Europe <\/strong><br class=\"remix\" \/>Marktuntersuchungsprojekte f\u00fcr professionelle Audio-Codecs und Aufnahmeger\u00e4te ohne bewegliche Teile<\/li>\n<li><strong>CMGI<\/strong><br class=\"remix\" \/>Untersuchung des deutschen Online-Markts mit Schwerpunkt auf Investitionen in Unternehmen aus dem Bereich &#8222;Neue Medien&#8220;<\/li>\n<li><strong>DAB (Digital Audio Broadcasting) <\/strong> <br class=\"remix\" \/>Kommerzielle Einf\u00fchrung von Digital Radio in Baden-W\u00fcrttemberg<\/li>\n<li><strong>Discovery Channel \/ UAP Programming (TCI) <\/strong> <br class=\"remix\" \/>Auswahl strategischer Partner f\u00fcr Digital-TV in verschiedenen europ\u00e4ischen L\u00e4ndern<\/li>\n<li><strong>Medienanstalt Berlin Brandenburg<\/strong> <br class=\"remix\" \/>Studie &#8222;Multi-Media-Mobil&#8220; &#8211; Mobile Dienste in Rundfunk- und Telekommunikationsnetzen<\/li>\n<li><strong>H.O.T Le Grand Magasin <\/strong> <br class=\"remix\" \/>Untersuchung der digitalen Vertriebsplattformen in Frankreich<\/li>\n<li><strong>LfK Baden-W\u00fcrttemberg <\/strong> <br class=\"remix\" \/>Studie &#8222;Einf\u00fchrung von digitalem terrestrischen Fernsehen&#8220;, Konferenz &#8222;Digital Broadcasting&#8220;<\/li>\n<li><strong>MAYAH Communications<\/strong> <br class=\"remix\" \/>Strategische Beratung zum Eintritt in den Markt der professionellen MPEG-4 Hardware und Software-Encoder<\/li>\n<li><strong>Mediaport Luxembourg (Staatsministerium)<\/strong> <br class=\"remix\" \/>PR- und Marketingma\u00dfnahmen: Positionierung Luxemburgs als wichtigen Investitionsstandort f\u00fcr Medien-und Telekommunikationsunternehmen<\/li>\n<li><strong>Verband Privater Rundfunk und Telekommunikation (VPRT)<\/strong> <br class=\"remix\" \/>Studien \u00fcber die k\u00fcnftige Entwicklung von Breitbandkabel-TV-Netzen in Deutschland<\/li>\n<\/ul>\n<p class=\"clear\">Die vollst\u00e4ndige Liste &#8222;Ausgew\u00e4hlte Kunden und Projekte&#8220; ist auf Anfrage erh\u00e4ltlich.<\/p>\n<\/div>\n<\/div>\n","protected":false},"excerpt":{"rendered":"<p>VisionConsult international steht bereit, um eine breite Palette von Aufgaben zu \u00fcbernehmen. In vielen F\u00e4llen wird ein kleines Team genau passend auf das Budget und den Unterst\u00fctzungsbedarf des Kunden zusammengestellt. Nachfolgend eine Auswahl aus der gro\u00dfen Zahl von First-Class-Kunden und Projekten: Ausgew\u00e4hlte Kunden und Projekte A\u00e9rospatiale Satellites Satelliten Marktplanung und Unterst\u00fctzung bei der Angebotserstellung Avid [&hellip;]<\/p>\n","protected":false},"author":1,"featured_media":0,"parent":0,"menu_order":9,"comment_status":"closed","ping_status":"closed","template":"","meta":[],"_links":{"self":[{"href":"https:\/\/www.visionconsult.com\/de\/wp-json\/wp\/v2\/pages\/516"}],"collection":[{"href":"https:\/\/www.visionconsult.com\/de\/wp-json\/wp\/v2\/pages"}],"about":[{"href":"https:\/\/www.visionconsult.com\/de\/wp-json\/wp\/v2\/types\/page"}],"author":[{"embeddable":true,"href":"https:\/\/www.visionconsult.com\/de\/wp-json\/wp\/v2\/users\/1"}],"replies":[{"embeddable":true,"href":"https:\/\/www.visionconsult.com\/de\/wp-json\/wp\/v2\/comments?post=516"}],"version-history":[{"count":0,"href":"https:\/\/www.visionconsult.com\/de\/wp-json\/wp\/v2\/pages\/516\/revisions"}],"wp:attachment":[{"href":"https:\/\/www.visionconsult.com\/de\/wp-json\/wp\/v2\/media?parent=516"}],"curies":[{"name":"wp","href":"https:\/\/api.w.org\/{rel}","templated":true}]}}