{"id":793,"date":"2011-02-11T16:33:25","date_gmt":"2011-02-11T15:33:25","guid":{"rendered":"http:\/\/www.visionconsult.com\/de\/?page_id=793"},"modified":"2011-02-11T16:33:25","modified_gmt":"2011-02-11T15:33:25","slug":"okologische-fallstudien","status":"publish","type":"page","link":"https:\/\/www.visionconsult.com\/de\/fallstudien\/okologische-fallstudien\/","title":{"rendered":"\u00d6kologische Fallstudien"},"content":{"rendered":"<div id=\"content-wrap\">In j\u00fcngerer Zeit hat VisionConsult das Consulting-Portfolio um Aktivit\u00e4ten beim \u00f6kologischen Bauen, der Energie aus erneuerbaren Quellen, der Wassergewinnung und der Abwasserbehandlung erweitert.<\/div>\n<div>\n<div id=\"content\">\n<div class=\"features\"><img class=\"feature_img alignleft\" src=\"http:\/\/www.visionconsult.com\/en\/wp-content\/uploads\/2011\/02\/materplan1_k.jpg\" alt=\"Village of the Future Master Plan\" \/><\/p>\n<div class=\"fcontent\">\n<h5>D\u00f6rfer der Zukunft auf dem Balkan<\/h5>\n<p>Kernziele des &#8222;Village of the Future&#8220; sind die konsequente Verwendung von lokalen Baumaterialien und Erzeugung von Energie ausschlie\u00dflich aus erneuerbaren Quellen, wie z. B. Warmwasserkollektoren und Biogas. Dar\u00fcber hinaus gibt es keine Notwendigkeit, die D\u00f6rfer an die \u00f6ffentliche Energie-, Wasser- und Abwasserversorgung anzuschlie\u00dfen. Dies erm\u00f6glicht eine kosteneffiziente Implementierung in abgelegenen Gebieten. Die erforderliche technische Infrastruktur wird konsequent nur aus erneuerbaren Energien hergestellt und muss sozial, \u00f6kologisch sowie \u00f6konomisch vertr\u00e4glich sein. VisionConsult international wurde ausgew\u00e4hlt, um das Konzept im Rahmen der R\u00fcckf\u00fchrung der Roma speziell auf die Anforderungen des Balkans anpassen und gemeinsam mit allen Beteiligten Strategien zu formulieren. Das Identifizieren von finanziellen Ressourcen mit dem Ziel, das vorgeschlagene Bauprojekt umzusetzen, und damit die endg\u00fcltige Umsiedlung der Roma in ihre Herkunftsl\u00e4nder sicherzustellen, geh\u00f6rt ebenfalls zum Projektumfang.<\/p><\/div>\n<\/div>\n<div class=\"features\"><img class=\"feature_img alignleft\" src=\"http:\/\/www.visionconsult.com\/en\/wp-content\/uploads\/2011\/02\/Miscanthus_k.jpg\" alt=\"Miscanthus Field\" \/><\/p>\n<div class=\"fcontent\">\n<h5>Miscanthus: Null-Emissions-Energie<\/h5>\n<p>Miscanthus, das urspr\u00fcnglich aus S\u00fcdostasien stammt, ist eine 3 Meter hohe Pflanze aus der Gattung der Gramineae Poaceae,. Aufgrund des j\u00e4hrlichen schnellen und hohen Wachstums und der betr\u00e4chtlichen Produktion von Biomasse ist es ein Ersatz f\u00fcr Holz in der Zellstoff- und Papierindustrie und ein wichtiger Energietr\u00e4ger. Der Energieertrag pro Hektar ist vergleichbar mit 7.000 bis 9.000 Litern Heiz\u00f6l. Miscanthus-Pflanzen k\u00f6nnen rund 20 Jahre j\u00e4hrlich geerntet werden, ohne erneute Aussaat und Feldbearbeitung.\u00a0 Gemeinsam mit wissenschaftlichen Instituten, f\u00fchrenden Herstellern von \u00d6fen und industriellen Anwendern formuliert VisionConsult eine Strategie, die es erm\u00f6glicht, Miscanthus als CO2-neutralen Heizenergietr\u00e4ger und Quelle elektrischer Energie zu nutzen. Ziel ist es, Miscanthus im industriellen Ma\u00dfstab zu etablieren und die fossilen Energiequellen in allen station\u00e4ren Anwendungen weitgehend zu ersetzen.<\/p><\/div>\n<\/div>\n<\/div>\n<p class=\"remix\" style=\"text-align: right;\"><a class=\"bold\" href=\"http:\/\/www.visionconsult.com\/de\/?page_id=487\">Weitere Fallstudien \u00bb<\/a><\/p>\n<\/div>\n","protected":false},"excerpt":{"rendered":"<p>In j\u00fcngerer Zeit hat VisionConsult das Consulting-Portfolio um Aktivit\u00e4ten beim \u00f6kologischen Bauen, der Energie aus erneuerbaren Quellen, der Wassergewinnung und der Abwasserbehandlung erweitert. D\u00f6rfer der Zukunft auf dem Balkan Kernziele des &#8222;Village of the Future&#8220; sind die konsequente Verwendung von lokalen Baumaterialien und Erzeugung von Energie ausschlie\u00dflich aus erneuerbaren Quellen, wie z. B. Warmwasserkollektoren und [&hellip;]<\/p>\n","protected":false},"author":1,"featured_media":0,"parent":480,"menu_order":3,"comment_status":"closed","ping_status":"closed","template":"","meta":[],"_links":{"self":[{"href":"https:\/\/www.visionconsult.com\/de\/wp-json\/wp\/v2\/pages\/793"}],"collection":[{"href":"https:\/\/www.visionconsult.com\/de\/wp-json\/wp\/v2\/pages"}],"about":[{"href":"https:\/\/www.visionconsult.com\/de\/wp-json\/wp\/v2\/types\/page"}],"author":[{"embeddable":true,"href":"https:\/\/www.visionconsult.com\/de\/wp-json\/wp\/v2\/users\/1"}],"replies":[{"embeddable":true,"href":"https:\/\/www.visionconsult.com\/de\/wp-json\/wp\/v2\/comments?post=793"}],"version-history":[{"count":0,"href":"https:\/\/www.visionconsult.com\/de\/wp-json\/wp\/v2\/pages\/793\/revisions"}],"up":[{"embeddable":true,"href":"https:\/\/www.visionconsult.com\/de\/wp-json\/wp\/v2\/pages\/480"}],"wp:attachment":[{"href":"https:\/\/www.visionconsult.com\/de\/wp-json\/wp\/v2\/media?parent=793"}],"curies":[{"name":"wp","href":"https:\/\/api.w.org\/{rel}","templated":true}]}}